{"id":22,"date":"2023-04-22T13:17:23","date_gmt":"2023-04-22T13:17:23","guid":{"rendered":"https:\/\/sistema.nutricarbrasil.net\/?page_id=22"},"modified":"2023-04-22T20:55:55","modified_gmt":"2023-04-22T20:55:55","slug":"home","status":"publish","type":"page","link":"https:\/\/sistema.nutricarbrasil.net\/","title":{"rendered":"Home"},"content":{"rendered":"\t\t<div data-elementor-type=\"wp-page\" data-elementor-id=\"22\" class=\"elementor elementor-22\">\n\t\t\t\t\t\t\t<div class=\"elementor-element elementor-element-c20bb96 e-con-boxed e-con\" data-id=\"c20bb96\" data-element_type=\"container\" data-settings=\"{&quot;background_background&quot;:&quot;classic&quot;,&quot;content_width&quot;:&quot;boxed&quot;}\">\n\t\t\t\t\t<div class=\"e-con-inner\">\n\t\t<div class=\"elementor-element elementor-element-33e5abf e-con-full e-con\" data-id=\"33e5abf\" data-element_type=\"container\" data-settings=\"{&quot;content_width&quot;:&quot;full&quot;}\">\n\t\t\t\t<\/div>\n\t\t<div class=\"elementor-element elementor-element-75bed71 e-con-full e-con\" data-id=\"75bed71\" data-element_type=\"container\" data-settings=\"{&quot;content_width&quot;:&quot;full&quot;}\">\n\t\t<div class=\"elementor-element elementor-element-b73a5bf e-con-boxed e-con\" data-id=\"b73a5bf\" data-element_type=\"container\" data-settings=\"{&quot;background_background&quot;:&quot;classic&quot;,&quot;content_width&quot;:&quot;boxed&quot;}\">\n\t\t\t\t\t<div class=\"e-con-inner\">\n\t\t\t\t<div class=\"elementor-element elementor-element-964ffd0 elementor-align-center elementor-button-info elementor-widget elementor-widget-button\" data-id=\"964ffd0\" data-element_type=\"widget\" data-widget_type=\"button.default\">\n\t\t\t\t<div class=\"elementor-widget-container\">\n\t\t\t\t\t<div class=\"elementor-button-wrapper\">\n\t\t\t<a href=\"#\" class=\"elementor-button-link elementor-button elementor-size-lg\" role=\"button\">\n\t\t\t\t\t\t<span class=\"elementor-button-content-wrapper\">\n\t\t\t\t\t\t<span class=\"elementor-button-text\">INFORMA\u00c7\u00d5ES IMPORTANTES:<\/span>\n\t\t<\/span>\n\t\t\t\t\t<\/a>\n\t\t<\/div>\n\t\t\t\t<\/div>\n\t\t\t\t<\/div>\n\t\t\t\t<div class=\"elementor-element elementor-element-6623f09 elementor-widget elementor-widget-text-editor\" data-id=\"6623f09\" data-element_type=\"widget\" data-widget_type=\"text-editor.default\">\n\t\t\t\t<div class=\"elementor-widget-container\">\n\t\t\t<style>\/*! elementor - v3.12.1 - 02-04-2023 *\/\n.elementor-widget-text-editor.elementor-drop-cap-view-stacked .elementor-drop-cap{background-color:#69727d;color:#fff}.elementor-widget-text-editor.elementor-drop-cap-view-framed .elementor-drop-cap{color:#69727d;border:3px solid;background-color:transparent}.elementor-widget-text-editor:not(.elementor-drop-cap-view-default) .elementor-drop-cap{margin-top:8px}.elementor-widget-text-editor:not(.elementor-drop-cap-view-default) .elementor-drop-cap-letter{width:1em;height:1em}.elementor-widget-text-editor .elementor-drop-cap{float:left;text-align:center;line-height:1;font-size:50px}.elementor-widget-text-editor .elementor-drop-cap-letter{display:inline-block}<\/style>\t\t\t\t<ul data-v-bedb2d4c=\"\"><li data-v-bedb2d4c=\"\"><strong data-v-bedb2d4c=\"\">Prazo de solicita\u00e7\u00e3o:<\/strong>\u00a0As solicita\u00e7\u00f5es devem ser realizadas com anteced\u00eancia de 24h (at\u00e9 as 15h do dia \u00fatil anterior);<\/li><li data-v-bedb2d4c=\"\"><strong data-v-bedb2d4c=\"\">Prazo de cancelamento:<\/strong>\u00a024h (considerando dias \u00fateis) antes do hor\u00e1rio do servi\u00e7o solicitado;<\/li><li data-v-bedb2d4c=\"\"><strong data-v-bedb2d4c=\"\">Card\u00e1pio:<\/strong>\u00a0Sujeito a altera\u00e7\u00f5es de acordo com a disponibilidade de estoque no ato do pedido;<\/li><li data-v-bedb2d4c=\"\"><strong data-v-bedb2d4c=\"\">Aten\u00e7\u00e3o:<\/strong>\u00a0Os valores dos itens\u00a0<i data-v-bedb2d4c=\"\">coffee break<\/i>,\u00a0<i data-v-bedb2d4c=\"\">working lunch<\/i>, almo\u00e7o e itens adicionais s\u00e3o por pessoa.<\/li><\/ul>\t\t\t\t\t\t<\/div>\n\t\t\t\t<\/div>\n\t\t\t\t<div class=\"elementor-element elementor-element-9f0222d elementor-align-center elementor-button-success elementor-widget elementor-widget-button\" data-id=\"9f0222d\" data-element_type=\"widget\" data-widget_type=\"button.default\">\n\t\t\t\t<div class=\"elementor-widget-container\">\n\t\t\t\t\t<div class=\"elementor-button-wrapper\">\n\t\t\t<a href=\"https:\/\/sistema.nutricarbrasil.net\/index.php\/loja\/\" class=\"elementor-button-link elementor-button elementor-size-md elementor-animation-grow\" role=\"button\">\n\t\t\t\t\t\t<span class=\"elementor-button-content-wrapper\">\n\t\t\t\t\t\t<span class=\"elementor-button-text\">Vamos Come\u00e7ar?<\/span>\n\t\t<\/span>\n\t\t\t\t\t<\/a>\n\t\t<\/div>\n\t\t\t\t<\/div>\n\t\t\t\t<\/div>\n\t\t\t\t\t<\/div>\n\t\t\t\t<\/div>\n\t\t\t\t<\/div>\n\t\t<div class=\"elementor-element elementor-element-7fd625b e-con-full e-con\" data-id=\"7fd625b\" data-element_type=\"container\" data-settings=\"{&quot;content_width&quot;:&quot;full&quot;}\">\n\t\t\t\t<\/div>\n\t\t\t\t\t<\/div>\n\t\t\t\t<\/div>\n\t\t\t\t\t\t\t<\/div>\n\t\t","protected":false},"excerpt":{"rendered":"<p>INFORMA\u00c7\u00d5ES IMPORTANTES: Prazo de solicita\u00e7\u00e3o:\u00a0As solicita\u00e7\u00f5es devem ser realizadas com anteced\u00eancia de 24h (at\u00e9 as 15h do dia \u00fatil anterior); Prazo de cancelamento:\u00a024h (considerando dias \u00fateis) antes do hor\u00e1rio do servi\u00e7o solicitado; Card\u00e1pio:\u00a0Sujeito a altera\u00e7\u00f5es de acordo com a disponibilidade de estoque no ato do pedido; Aten\u00e7\u00e3o:\u00a0Os valores dos itens\u00a0coffee break,\u00a0working lunch, almo\u00e7o e itens [&hellip;]<\/p>\n","protected":false},"author":1,"featured_media":0,"parent":0,"menu_order":0,"comment_status":"closed","ping_status":"closed","template":"elementor_header_footer","meta":[],"_links":{"self":[{"href":"https:\/\/sistema.nutricarbrasil.net\/index.php\/wp-json\/wp\/v2\/pages\/22"}],"collection":[{"href":"https:\/\/sistema.nutricarbrasil.net\/index.php\/wp-json\/wp\/v2\/pages"}],"about":[{"href":"https:\/\/sistema.nutricarbrasil.net\/index.php\/wp-json\/wp\/v2\/types\/page"}],"author":[{"embeddable":true,"href":"https:\/\/sistema.nutricarbrasil.net\/index.php\/wp-json\/wp\/v2\/users\/1"}],"replies":[{"embeddable":true,"href":"https:\/\/sistema.nutricarbrasil.net\/index.php\/wp-json\/wp\/v2\/comments?post=22"}],"version-history":[{"count":48,"href":"https:\/\/sistema.nutricarbrasil.net\/index.php\/wp-json\/wp\/v2\/pages\/22\/revisions"}],"predecessor-version":[{"id":263,"href":"https:\/\/sistema.nutricarbrasil.net\/index.php\/wp-json\/wp\/v2\/pages\/22\/revisions\/263"}],"wp:attachment":[{"href":"https:\/\/sistema.nutricarbrasil.net\/index.php\/wp-json\/wp\/v2\/media?parent=22"}],"curies":[{"name":"wp","href":"https:\/\/api.w.org\/{rel}","templated":true}]}}